{"id":286,"date":"2019-09-21T07:04:44","date_gmt":"2019-09-21T07:04:44","guid":{"rendered":"https:\/\/oaksmoke.fi\/?page_id=286"},"modified":"2021-03-14T11:35:50","modified_gmt":"2021-03-14T11:35:50","slug":"tilauslomake","status":"publish","type":"page","link":"https:\/\/oaksmoke.fi\/?page_id=286","title":{"rendered":"Tilauslomake"},"content":{"rendered":"\n<p class=\"has-text-align-left\">HUOM! P\u00e4ivit\u00e4mme sivustoa parhaillaan. Tilap\u00e4inen tilauslomake l\u00f6ytyy <a rel=\"noreferrer noopener\" href=\"https:\/\/www.cadvision.fi\/ruko\/index.php?module=ext\/public\/form&amp;id=1\" data-type=\"URL\" data-id=\"https:\/\/www.cadvision.fi\/ruko\/index.php?module=ext\/public\/form&amp;id=1\" target=\"_blank\">t\u00e4\u00e4lt\u00e4<\/a>.<\/p>\n","protected":false},"excerpt":{"rendered":"<p>HUOM! P\u00e4ivit\u00e4mme sivustoa parhaillaan. Tilap\u00e4inen tilauslomake l\u00f6ytyy t\u00e4\u00e4lt\u00e4.<\/p>\n","protected":false},"author":1,"featured_media":0,"parent":0,"menu_order":7,"comment_status":"closed","ping_status":"closed","template":"","meta":{"footnotes":""},"class_list":["post-286","page","type-page","status-publish","hentry"],"_links":{"self":[{"href":"https:\/\/oaksmoke.fi\/index.php?rest_route=\/wp\/v2\/pages\/286","targetHints":{"allow":["GET"]}}],"collection":[{"href":"https:\/\/oaksmoke.fi\/index.php?rest_route=\/wp\/v2\/pages"}],"about":[{"href":"https:\/\/oaksmoke.fi\/index.php?rest_route=\/wp\/v2\/types\/page"}],"author":[{"embeddable":true,"href":"https:\/\/oaksmoke.fi\/index.php?rest_route=\/wp\/v2\/users\/1"}],"replies":[{"embeddable":true,"href":"https:\/\/oaksmoke.fi\/index.php?rest_route=%2Fwp%2Fv2%2Fcomments&post=286"}],"version-history":[{"count":20,"href":"https:\/\/oaksmoke.fi\/index.php?rest_route=\/wp\/v2\/pages\/286\/revisions"}],"predecessor-version":[{"id":467,"href":"https:\/\/oaksmoke.fi\/index.php?rest_route=\/wp\/v2\/pages\/286\/revisions\/467"}],"wp:attachment":[{"href":"https:\/\/oaksmoke.fi\/index.php?rest_route=%2Fwp%2Fv2%2Fmedia&parent=286"}],"curies":[{"name":"wp","href":"https:\/\/api.w.org\/{rel}","templated":true}]}}