{"id":389,"date":"2020-07-08T08:35:53","date_gmt":"2020-07-08T08:35:53","guid":{"rendered":"https:\/\/oaksmoke.fi\/?page_id=389"},"modified":"2020-07-08T09:14:41","modified_gmt":"2020-07-08T09:14:41","slug":"ketogeeninen-ja-vhh","status":"publish","type":"page","link":"https:\/\/oaksmoke.fi\/?page_id=389","title":{"rendered":"Ketogeeninen ja VHH"},"content":{"rendered":"\n<p><a href=\"https:\/\/oaksmoke.fi\/?page_id=392\">Raaka-ainelista ketogeeniselle ja VHH ruokavaliolle<\/a><br><\/p>\n\n\n\n<p><a href=\"https:\/\/www.olohuone.fi\/?page_id=2348\">Porkkanat jauhelihasta (VHH &amp; Ketogeeninen)<\/a><\/p>\n\n\n\n<p><a href=\"http:\/\/www.olohuone.fi\/?page_id=2232\">Unkarilainen gulassi (VHH*)<\/a><\/p>\n\n\n\n<p><a href=\"http:\/\/www.olohuone.fi\/?page_id=2139\">Etanat (VHH)<\/a><\/p>\n\n\n\n<p><a href=\"http:\/\/www.olohuone.fi\/?page_id=2119\">Kukkakaalimuusi (VHH)<\/a><\/p>\n\n\n\n<p><a href=\"http:\/\/www.olohuone.fi\/?page_id=2112\">Mutakakku (VHH)<\/a><\/p>\n\n\n\n<p><a href=\"http:\/\/www.olohuone.fi\/?page_id=2092\">Pekoni-Aura-juusto -jauhelihapihvit (VHH)<\/a><\/p>\n\n\n\n<p><a href=\"http:\/\/www.olohuone.fi\/?page_id=2038\">Kebabliha (VHH)<\/a><\/p>\n\n\n\n<p><a href=\"http:\/\/www.olohuone.fi\/?page_id=1890\">Suklaamousse (VHH)<\/a><\/p>\n\n\n\n<p><a href=\"http:\/\/www.olohuone.fi\/?page_id=2017\">Saiturinpihvi eli ABC-pihvi (VHH)<\/a><\/p>\n\n\n\n<p><a href=\"http:\/\/www.olohuone.fi\/?page_id=1952\">Kes\u00e4kurpitsavuoka (VHH)<\/a><\/p>\n\n\n\n<p><a href=\"http:\/\/www.olohuone.fi\/?page_id=165\">Pekoniin k\u00e4\u00e4rityt Aji Cristalit (VHH)<\/a><\/p>\n\n\n\n<p><a href=\"http:\/\/www.olohuone.fi\/?page_id=1809\">Ooo-keitto (VHH)<\/a><\/p>\n\n\n\n<p><a href=\"http:\/\/www.olohuone.fi\/?page_id=1785\">Hampurilainen (VHH)<\/a><\/p>\n\n\n\n<p><a href=\"http:\/\/www.olohuone.fi\/?page_id=1765\">Tuliset Wingsit porkkanalla ja sellerill\u00e4 (VHH)<\/a><\/p>\n\n\n\n<p><a href=\"http:\/\/www.olohuone.fi\/?page_id=855\">Smoked Pulled Pork (VHH)<\/a><\/p>\n\n\n\n<p><a href=\"http:\/\/www.olohuone.fi\/?page_id=1701\">Kukkakaaligratiini (VHH)<\/a><\/p>\n\n\n\n<p><a href=\"http:\/\/www.olohuone.fi\/?page_id=821\">Kes\u00e4kurpitsapaprikakeitto (VHH)<\/a><\/p>\n","protected":false},"excerpt":{"rendered":"<p>Raaka-ainelista ketogeeniselle ja VHH ruokavaliolle Porkkanat jauhelihasta (VHH &amp; Ketogeeninen) Unkarilainen gulassi (VHH*) Etanat (VHH) Kukkakaalimuusi (VHH) Mutakakku (VHH) Pekoni-Aura-juusto -jauhelihapihvit (VHH) Kebabliha (VHH) Suklaamousse (VHH) Saiturinpihvi eli ABC-pihvi (VHH) Kes\u00e4kurpitsavuoka (VHH) Pekoniin k\u00e4\u00e4rityt Aji Cristalit (VHH) Ooo-keitto (VHH) Hampurilainen (VHH) Tuliset Wingsit porkkanalla ja sellerill\u00e4 (VHH) Smoked Pulled Pork (VHH) Kukkakaaligratiini (VHH) Kes\u00e4kurpitsapaprikakeitto (VHH)<\/p>\n","protected":false},"author":1,"featured_media":0,"parent":387,"menu_order":0,"comment_status":"closed","ping_status":"closed","template":"","meta":{"footnotes":""},"class_list":["post-389","page","type-page","status-publish","hentry"],"_links":{"self":[{"href":"https:\/\/oaksmoke.fi\/index.php?rest_route=\/wp\/v2\/pages\/389","targetHints":{"allow":["GET"]}}],"collection":[{"href":"https:\/\/oaksmoke.fi\/index.php?rest_route=\/wp\/v2\/pages"}],"about":[{"href":"https:\/\/oaksmoke.fi\/index.php?rest_route=\/wp\/v2\/types\/page"}],"author":[{"embeddable":true,"href":"https:\/\/oaksmoke.fi\/index.php?rest_route=\/wp\/v2\/users\/1"}],"replies":[{"embeddable":true,"href":"https:\/\/oaksmoke.fi\/index.php?rest_route=%2Fwp%2Fv2%2Fcomments&post=389"}],"version-history":[{"count":5,"href":"https:\/\/oaksmoke.fi\/index.php?rest_route=\/wp\/v2\/pages\/389\/revisions"}],"predecessor-version":[{"id":407,"href":"https:\/\/oaksmoke.fi\/index.php?rest_route=\/wp\/v2\/pages\/389\/revisions\/407"}],"up":[{"embeddable":true,"href":"https:\/\/oaksmoke.fi\/index.php?rest_route=\/wp\/v2\/pages\/387"}],"wp:attachment":[{"href":"https:\/\/oaksmoke.fi\/index.php?rest_route=%2Fwp%2Fv2%2Fmedia&parent=389"}],"curies":[{"name":"wp","href":"https:\/\/api.w.org\/{rel}","templated":true}]}}