{"id":392,"date":"2020-07-08T08:46:59","date_gmt":"2020-07-08T08:46:59","guid":{"rendered":"https:\/\/oaksmoke.fi\/?page_id=392"},"modified":"2020-09-26T11:38:52","modified_gmt":"2020-09-26T11:38:52","slug":"raaka-ainelista-ketogeeniselle-ruokavaliolle","status":"publish","type":"page","link":"https:\/\/oaksmoke.fi\/?page_id=392","title":{"rendered":"Raaka-ainelista ketogeeniselle ja VHH-ruokavaliolle"},"content":{"rendered":"\n<p><strong><span style=\"color:#11a670\" class=\"has-inline-color\">Tummanvihre\u00e4 \u2013 saa sy\u00f6d\u00e4 huoletta<\/span><\/strong><\/p>\n\n\n\n<p class=\"has-light-green-cyan-color has-text-color\"><strong>Vaaleanvihre\u00e4 \u2013 saa sy\u00f6d\u00e4 hieman rajoittaen<\/strong><\/p>\n\n\n\n<p class=\"has-luminous-vivid-amber-color has-text-color\"><strong>Oranssi \u2013 sy\u00f6 vain rajoitetusti<\/strong><\/p>\n\n\n\n<p class=\"has-pale-pink-color has-text-color\"><strong>Pinkki \u2013 sy\u00f6 vain eritt\u00e4in rajoitetusti<\/strong><\/p>\n\n\n\n<p class=\"has-vivid-red-color has-text-color\"><strong>Punainen \u2013 \u00c4l\u00e4 sy\u00f6<\/strong><\/p>\n\n\n\n<hr class=\"wp-block-separator\"\/>\n\n\n\n<p><strong><span style=\"color:#11a670\" class=\"has-inline-color\">Tummanvihre\u00e4 \u2013 saa sy\u00f6d\u00e4 huoletta<\/span><\/strong><\/p>\n\n\n\n<p class=\"has-text-color\" style=\"color:#11a670\"><strong>Ankka<\/strong><\/p>\n\n\n\n<p class=\"has-text-color\" style=\"color:#11a670\"><strong>Avokado&nbsp;<\/strong>(<em>Persea americana<\/em>) [sis\u00e4lt\u00e4\u00e4 runsaasti kaliumia]<\/p>\n\n\n\n<p class=\"has-text-color\" style=\"color:#11a670\"><strong>Bambu<\/strong>&nbsp;(Bambuseae)<\/p>\n\n\n\n<p class=\"has-text-color\" style=\"color:#11a670\"><strong>Chili<\/strong>&nbsp;(Capsicum)<\/p>\n\n\n\n<p class=\"has-text-color\" style=\"color:#11a670\"><strong>Endiivi<\/strong>&nbsp;(Cichorium endivia)<\/p>\n\n\n\n<p class=\"has-text-color\" style=\"color:#11a670\"><strong>Hanhi<\/strong><\/p>\n\n\n\n<p class=\"has-text-color\" style=\"color:#11a670\"><strong>Inkiv\u00e4\u00e4ri<\/strong>&nbsp;eli mausteinkiv\u00e4\u00e4ri (Zingiber officinale)<\/p>\n\n\n\n<p class=\"has-text-color\" style=\"color:#11a670\"><strong>Juustot, kaikki juustot  paitsi <span class=\"has-inline-color has-light-green-cyan-color\">tuorejuustot<\/span> vain rajoitetusti<\/strong><\/p>\n\n\n\n<p class=\"has-text-color\" style=\"color:#11a670\"><strong>Kaali<\/strong>&nbsp;(Brassica oleracea)<\/p>\n\n\n\n<p class=\"has-text-color\" style=\"color:#11a670\"><strong>Kala<\/strong>, suosi mahdollisimman rasvaisia kaloja [Melko hyv\u00e4 Mg-l\u00e4hde, arginiini]<\/p>\n\n\n\n<p class=\"has-text-color\" style=\"color:#11a670\"><strong>Kalkkuna<\/strong><\/p>\n\n\n\n<p><strong><span style=\"color:#11a670\" class=\"has-inline-color\">Kana (ja broileri)<\/span><\/strong><\/p>\n\n\n\n<p class=\"has-text-color\" style=\"color:#11a670\"><strong>Kananmunat<\/strong><\/p>\n\n\n\n<p class=\"has-text-color\" style=\"color:#11a670\"><strong>Katkaravut<\/strong><\/p>\n\n\n\n<p class=\"has-text-color\" style=\"color:#11a670\"><strong>Kiinankaali<\/strong>&nbsp;tai salaattikiinankaali (Brassica pekinensis)<\/p>\n\n\n\n<p class=\"has-text-color\" style=\"color:#11a670\"><strong>Kukkakaali<\/strong>&nbsp;(Brassica oleracea var. botrytis)<\/p>\n\n\n\n<p class=\"has-text-color\" style=\"color:#11a670\"><strong>Kurkku<\/strong>&nbsp;(Cucumis sativus)<\/p>\n\n\n\n<p class=\"has-text-color\" style=\"color:#11a670\"><strong>Liha<\/strong>, kaikki prosessoimattomat lihat, pekoni ja muu porsaanliha,\u00a0kana, naudanliha, riista<\/p>\n\n\n\n<p class=\"has-text-color\" style=\"color:#11a670\"><strong>Nokkonen<\/strong>&nbsp;(<em>Urtica dioica<\/em>) [Mg, K]<\/p>\n\n\n\n<p class=\"has-text-color\" style=\"color:#11a670\"><strong>Oliivi\u00f6ljy<\/strong><\/p>\n\n\n\n<p class=\"has-text-color\" style=\"color:#11a670\"><strong>Osteri<\/strong><\/p>\n\n\n\n<p class=\"has-text-color\" style=\"color:#11a670\"><strong>Paprika<\/strong>&nbsp;tai ruokapaprika tai vihannespaprika (Capsicum annuum)<\/p>\n\n\n\n<p class=\"has-text-color\" style=\"color:#11a670\"><strong>Parsakaali<\/strong>&nbsp;(Brassica oleracea var. italica)<\/p>\n\n\n\n<p class=\"has-text-color\" style=\"color:#11a670\"><strong>Parsa<\/strong>&nbsp;tai ruokaparsa (Asparagus officinalis)<\/p>\n\n\n\n<p class=\"has-text-color\" style=\"color:#11a670\"><strong>Persilja<\/strong>&nbsp;(Petroselinum crispum)<\/p>\n\n\n\n<p class=\"has-vivid-green-cyan-color has-text-color\"><span style=\"color:#11a670\" class=\"has-inline-color\"><strong>Pinaatti<\/strong>&nbsp;(Spinacia oleracea) [sis\u00e4lt\u00e4\u00e4 paljon kaliumia,<\/span><span class=\"has-inline-color has-vivid-green-cyan-color\"> <\/span><span class=\"has-inline-color has-vivid-red-color\">mutta my\u00f6s paljon oksalaattia!<\/span><span style=\"color:#11a670\" class=\"has-inline-color\">]<\/span><\/p>\n\n\n\n<p class=\"has-text-color\" style=\"color:#11a670\"><strong>Purjo<\/strong>&nbsp;eli purjosipuli (Allium porrum) [<span class=\"has-inline-color has-vivid-red-color\">paljon oksalaattia!<\/span>]<\/p>\n\n\n\n<p class=\"has-text-color\" style=\"color:#11a670\"><strong>P\u00e4hkin\u00e4t&nbsp;<\/strong>HUOM! vain aidosti p\u00e4hkin\u00e4t! Esim. maap\u00e4hkin\u00e4 on herne<\/p>\n\n\n\n<p class=\"has-text-color\" style=\"color:#11a670\"><strong>Rasva<\/strong>, kova rasva, pehme\u00e4 rasva,&nbsp;suosi&nbsp;mahd. v\u00e4h\u00e4n k\u00e4siteltyj\u00e4<\/p>\n\n\n\n<p class=\"has-text-color\" style=\"color:#11a670\"><strong>Retiisi<\/strong>&nbsp;(Raphanus sativus var. sativus)<\/p>\n\n\n\n<p class=\"has-text-color\" style=\"color:#11a670\"><strong>Retikka<\/strong>\u00a0(Raphanus sativus var. niger)<br><br><strong>Riista<\/strong> (Saa sy\u00f6d\u00e4 suunnilleen kaikkea, jonka saat kiinni ja pataan)<\/p>\n\n\n\n<p class=\"has-text-color\" style=\"color:#11a670\"><strong>Roomansalaatti<\/strong>, sidesalaatti, romainesalaatti, kos-salaatti (L. sativa var. longifolia eli L. romana)<\/p>\n\n\n\n<p class=\"has-text-color\" style=\"color:#11a670\"><strong>Ruohosipuli<\/strong>&nbsp;eli ruoholaukka (Allium schoenoprasum)<\/p>\n\n\n\n<p class=\"has-text-color\" style=\"color:#11a670\"><strong>Salaatti<\/strong>&nbsp;(Lactuca sativa) ja KAIKKI VIHRE\u00c4T SALAATIT<\/p>\n\n\n\n<p class=\"has-text-color\" style=\"color:#11a670\"><strong>Sinimailanen<\/strong>&nbsp;eli alfalfa tai luserni (Medicago sativa)<\/p>\n\n\n\n<p class=\"has-text-color\" style=\"color:#11a670\"><strong>Sienet<\/strong>&nbsp;(Fungi) (Kanttarelli, herkkusieni, siitakesieni jne.) [mm. arginiini]<\/p>\n\n\n\n<p class=\"has-text-color\" style=\"color:#11a670\"><strong>Simpukka<\/strong><\/p>\n\n\n\n<p class=\"has-text-color\" style=\"color:#11a670\"><strong>Sipulit<\/strong>&nbsp;eli laukat (Allium)<\/p>\n\n\n\n<p class=\"has-text-color\" style=\"color:#11a670\"><strong>Valkosipuli&nbsp;<\/strong>eli kynsilaukka (Allium sativum)<\/p>\n\n\n\n<p class=\"has-text-color\" style=\"color:#11a670\"><strong>Varsiselleri<\/strong>&nbsp;tai ruotiselleri, (Apium graveolens var. dulce)<\/p>\n\n\n\n<p class=\"has-text-color\" style=\"color:#11a670\"><strong>Voi<\/strong>, meijerivoi<\/p>\n\n\n\n<hr class=\"wp-block-separator\"\/>\n\n\n\n<p class=\"has-light-green-cyan-color has-text-color\"><strong><strong>Vaaleanvihre\u00e4 \u2013 saa sy\u00f6d\u00e4 hieman rajoittaen<\/strong><\/strong><\/p>\n\n\n\n<p class=\"has-light-green-cyan-color has-text-color\"><strong>Etanat<\/strong><\/p>\n\n\n\n<p class=\"has-light-green-cyan-color has-text-color\"><strong>Fenkoli<\/strong>&nbsp;eli saksankumina (Foeniculum vulgare)<\/p>\n\n\n\n<p class=\"has-light-green-cyan-color has-text-color\"><strong>Kes\u00e4kurpitsa<\/strong>&nbsp;(Cucurbita pepo)<\/p>\n\n\n\n<p class=\"has-light-green-cyan-color has-text-color\"><strong>Kerma&nbsp;<\/strong>(kuohukerma ja vispikerma 38 %, kahvi- ja ruokakerma 19 %)<\/p>\n\n\n\n<p class=\"has-light-green-cyan-color has-text-color\"><strong>Kyss\u00e4kaali<\/strong>&nbsp;(Brassica oleracea var. gongylodes) [eritt\u00e4in paljon C-vitamiinia, hiukan kaliumia ja hyvin v\u00e4h\u00e4n proteiinia]<\/p>\n\n\n\n<p class=\"has-light-green-cyan-color has-text-color\"><strong>Lanttu, keitetty<\/strong>&nbsp;(Brassica napus tai Brassica napus ssp. rapifera)<\/p>\n\n\n\n<p class=\"has-light-green-cyan-color has-text-color\"><strong>Manteli<\/strong>&nbsp;(<em>Prunus dulcis) [runsaassti magneesiumia]<\/em><\/p>\n\n\n\n<p class=\"has-light-green-cyan-color has-text-color\"><strong>Munakoiso<\/strong>&nbsp;eli aubergiini (Solanum melongena)<\/p>\n\n\n\n<p class=\"has-light-green-cyan-color has-text-color\"><strong>Nauris, keitetty<\/strong>&nbsp;(Brassica rapa var. rapa)<\/p>\n\n\n\n<p class=\"has-light-green-cyan-color has-text-color\"><strong>Papu<\/strong>, vain vihre\u00e4 papu&nbsp;(Phaseolus vulgaris)<\/p>\n\n\n\n<p class=\"has-light-green-cyan-color has-text-color\"><strong>Rucola<\/strong>&nbsp;eli sinappikaali&nbsp;(Eruca vesicaria)<\/p>\n\n\n\n<p class=\"has-light-green-cyan-color has-text-color\"><strong>Sis\u00e4elimet<\/strong><\/p>\n\n\n\n<p class=\"has-light-green-cyan-color has-text-color\"><strong>Stevia (vain 100% stevia, ei marketin sekoitukset)<\/strong><\/p>\n\n\n\n<p class=\"has-light-green-cyan-color has-text-color\"><strong>Tuorejuusto<\/strong><\/p>\n\n\n\n<p class=\"has-light-green-cyan-color has-text-color\"><strong>Voikukan lehdet<\/strong>&nbsp;(Taraxacum officinale)<\/p>\n\n\n\n<hr class=\"wp-block-separator\"\/>\n\n\n\n<p class=\"has-luminous-vivid-amber-color has-text-color\"><strong>Oranssi \u2013 sy\u00f6 vain rajoitetusti<\/strong><\/p>\n\n\n\n<p class=\"has-luminous-vivid-amber-color has-text-color\"><strong>Artisokka<\/strong>, keitetty (Helianthus tuberosus)<\/p>\n\n\n\n<p class=\"has-luminous-vivid-amber-color has-text-color\"><strong>Boysenmarja<\/strong>&nbsp;((Rubus \u00d7 loganobaccus))<\/p>\n\n\n\n<p class=\"has-luminous-vivid-amber-color has-text-color\"><strong>Juuriselleri<\/strong>&nbsp;eli mukulaselleri (Apium graveolens Rapaceum-ryhm\u00e4)<\/p>\n\n\n\n<p class=\"has-luminous-vivid-amber-color has-text-color\"><strong>Karhunvatukka&nbsp;<\/strong>(Rubus fruticosus)<\/p>\n\n\n\n<p class=\"has-luminous-vivid-amber-color has-text-color\"><strong>Karpalo<\/strong>,&nbsp;Isokarpalo (Vaccinium oxycoccos)<\/p>\n\n\n\n<p class=\"has-luminous-vivid-amber-color has-text-color\"><strong>Kurpitsa<\/strong>&nbsp;(Cucurbita pepo)<\/p>\n\n\n\n<p class=\"has-luminous-vivid-amber-color has-text-color\"><strong>Lakka<\/strong>&nbsp;eli hilla eli suomuurain (Rubus chamaemorus)<\/p>\n\n\n\n<p class=\"has-luminous-vivid-amber-color has-text-color\"><strong>Lehtikaali&nbsp;<\/strong>(Brassica oleracea var. sabellica)<\/p>\n\n\n\n<p class=\"has-luminous-vivid-amber-color has-text-color\"><strong>Mansikka&nbsp;<\/strong>(Fragaria)<\/p>\n\n\n\n<p class=\"has-luminous-vivid-amber-color has-text-color\"><strong>Maito (vain t\u00e4ysmaito \/ punainen)<\/strong><\/p>\n\n\n\n<p class=\"has-luminous-vivid-amber-color has-text-color\"><strong>Melonit,<\/strong>&nbsp;kaikki \u2013&nbsp;(Cucumis melo)<\/p>\n\n\n\n<p class=\"has-luminous-vivid-amber-color has-text-color\"><strong>Mustikka&nbsp;<\/strong>(Vaccinium myrtillus)<\/p>\n\n\n\n<p class=\"has-luminous-vivid-amber-color has-text-color\"><strong>Palsternakka&nbsp;<\/strong>(Pastinaca sativa)<\/p>\n\n\n\n<p class=\"has-luminous-vivid-amber-color has-text-color\"><strong>Porkkana tuoreena (ei keitettyn\u00e4)&nbsp;<\/strong>(Daucus carota)<\/p>\n\n\n\n<p class=\"has-luminous-vivid-amber-color has-text-color\"><strong>Punajuuri tuoreena (ei keitettyn\u00e4)&nbsp;<\/strong>(Beta vulgaris subsp. vulgaris var. conditiva)<\/p>\n\n\n\n<p class=\"has-luminous-vivid-amber-color has-text-color\"><strong>Taateli<\/strong>, kuivattu&nbsp;(Phoenix dactylifera)<\/p>\n\n\n\n<p class=\"has-luminous-vivid-amber-color has-text-color\"><strong>Tomaatti&nbsp;<\/strong>(Solanum lycopersicum)<\/p>\n\n\n\n<p class=\"has-luminous-vivid-amber-color has-text-color\"><strong>Tumma suklaa, min. 80%<\/strong><\/p>\n\n\n\n<p class=\"has-luminous-vivid-amber-color has-text-color\"><strong>Vadelma&nbsp;<\/strong>(<em>Rubus idaeus<\/em>)<\/p>\n\n\n\n<p class=\"has-luminous-vivid-amber-color has-text-color\"><strong>Viinimarjat&nbsp;<\/strong>&nbsp;eli herukat&nbsp;(Ribes)<\/p>\n\n\n\n<hr class=\"wp-block-separator\"\/>\n\n\n\n<p class=\"has-pale-pink-color has-text-color\"><strong>Pinkki \u2013 sy\u00f6 vain eritt\u00e4in rajoitetusti (jos on pakko)<\/strong><\/p>\n\n\n\n<p class=\"has-pale-pink-color has-text-color\"><strong>Auringonkukka\u00f6ljy<\/strong><\/p>\n\n\n\n<p class=\"has-pale-pink-color has-text-color\"><strong>Greippi<\/strong>&nbsp;(max 1,5 \/ vrk, jolloin ei muuta hiilihydraattia saa olla)<\/p>\n\n\n\n<p class=\"has-pale-pink-color has-text-color\"><strong>Hedelm\u00e4t&nbsp;<\/strong>(<a href=\"https:\/\/fineli.fi\/fineli\/fi\/index\" target=\"_blank\" rel=\"noreferrer noopener\">tutki<\/a>&nbsp;tapauskohtaisesti hiilihydraattipitoisuudet)<\/p>\n\n\n\n<p class=\"has-pale-pink-color has-text-color\"><strong>Kiivi<\/strong>&nbsp;(max 2 \/ vrk)<\/p>\n\n\n\n<p class=\"has-pale-pink-color has-text-color\"><strong>Maissi<\/strong><\/p>\n\n\n\n<p class=\"has-pale-pink-color has-text-color\"><strong>Mango<\/strong><\/p>\n\n\n\n<p class=\"has-pale-pink-color has-text-color\"><strong>Okra<\/strong><\/p>\n\n\n\n<p class=\"has-pale-pink-color has-text-color\"><strong>Pasta<\/strong><\/p>\n\n\n\n<p class=\"has-pale-pink-color has-text-color\"><strong>Papaija<\/strong><\/p>\n\n\n\n<p class=\"has-pale-pink-color has-text-color\"><strong>Pavut, muut kuin vihre\u00e4t, keitetty<\/strong><\/p>\n\n\n\n<p class=\"has-pale-pink-color has-text-color\"><strong>Porkkana keitettyn\u00e4<\/strong><\/p>\n\n\n\n<p class=\"has-pale-pink-color has-text-color\"><strong>Riisi<\/strong><\/p>\n\n\n\n<p class=\"has-pale-pink-color has-text-color\"><strong>Rypsi\u00f6ljy<\/strong><\/p>\n\n\n\n<p class=\"has-pale-pink-color has-text-color\"><strong>Siirappi<\/strong><\/p>\n\n\n\n<p class=\"has-pale-pink-color has-text-color\"><strong>Soijajauho<\/strong><\/p>\n\n\n\n<p class=\"has-pale-pink-color has-text-color\"><strong>Valmiit marinadit<\/strong><\/p>\n\n\n\n<p class=\"has-pale-pink-color has-text-color\"><strong>Viikuna&nbsp;<\/strong>(max 4 \/ vrk)<\/p>\n\n\n\n<p class=\"has-pale-pink-color has-text-color\"><strong>Vehn\u00e4nalkio<\/strong><\/p>\n\n\n\n<p class=\"has-pale-pink-color has-text-color\"><strong>Luumu<\/strong><\/p>\n\n\n\n<p class=\"has-pale-pink-color has-text-color\"><strong>Persikka<\/strong><\/p>\n\n\n\n<hr class=\"wp-block-separator\"\/>\n\n\n\n<p class=\"has-vivid-red-color has-text-color\"><strong>Punainen \u2013 \u00c4l\u00e4 sy\u00f6<\/strong><\/p>\n\n\n\n<p class=\"has-vivid-red-color has-text-color\"><strong>Sokeri<\/strong><\/p>\n\n\n\n<p class=\"has-vivid-red-color has-text-color\"><strong>Vehn\u00e4<\/strong><\/p>\n\n\n\n<p class=\"has-vivid-red-color has-text-color\"><strong>Viljat, kaikki pilalle jalostetut eli k\u00e4yt\u00e4nn\u00f6ss\u00e4 kaikki Suomessa viljellyt<\/strong><\/p>\n\n\n\n<p class=\"has-vivid-red-color has-text-color\"><strong>Kevyttuotteet<\/strong><\/p>\n\n\n\n<p class=\"has-vivid-red-color has-text-color\"><strong>Kevyt-alkuiset prosessoidut tuotteet<\/strong><\/p>\n\n\n\n<p class=\"has-vivid-red-color has-text-color\"><strong>Leip\u00e4&nbsp;<\/strong>(jos ei ole leivottu VHH-raaka-aineista)<\/p>\n\n\n\n<p class=\"has-vivid-red-color has-text-color\"><strong>Leivonnaiset<\/strong>&nbsp;(jos ei ole leivottu VHH-raaka-aineista)<\/p>\n\n\n\n<p class=\"has-vivid-red-color has-text-color\"><strong>Peruna<\/strong><\/p>\n\n\n\n<p class=\"has-vivid-red-color has-text-color\"><strong>Perunajauhot<\/strong><\/p>\n\n\n\n<p class=\"has-vivid-red-color has-text-color\"><strong>Perunalastut<\/strong><\/p>\n\n\n\n<p class=\"has-vivid-red-color has-text-color\"><strong>Pulla, vehn\u00e4pulla<\/strong><\/p>\n\n\n\n<p class=\"has-vivid-red-color has-text-color\"><strong>Raskaasti prosessoidut tuotteet<\/strong><\/p>\n\n\n\n<p class=\"has-vivid-red-color has-text-color\"><strong>Rasvaton maito<\/strong><\/p>\n\n\n\n<p class=\"has-vivid-red-color has-text-color\"><strong>Kakut&nbsp;<\/strong>(jos ei ole leivottu VHH-raaka-aineista)<\/p>\n\n\n\n<p class=\"has-vivid-red-color has-text-color\"><strong>Kevytlevitteet<\/strong><\/p>\n\n\n\n<p class=\"has-vivid-red-color has-text-color\"><strong>Hunaja<\/strong><\/p>\n\n\n\n<p class=\"has-vivid-red-color has-text-color\"><strong>Hedelm\u00e4s\u00e4ilykkeet&nbsp;<\/strong>(sokeriliemi)<\/p>\n\n\n\n<p class=\"has-vivid-red-color has-text-color\"><strong>Herneet<\/strong><\/p>\n\n\n\n<p class=\"has-vivid-red-color has-text-color\"><strong>Hillot<\/strong><\/p>\n\n\n\n<p class=\"has-vivid-red-color has-text-color\"><strong>Makeiset<\/strong>&nbsp;(sokeri)<\/p>\n\n\n\n<p class=\"has-vivid-red-color has-text-color\"><strong>Maustetut jogurtit<\/strong>&nbsp;(sokeria noin 12 palaa \/ purkki)<\/p>\n\n\n\n<p class=\"has-vivid-red-color has-text-color\"><strong>Margariinit<\/strong><\/p>\n\n\n\n<p class=\"has-vivid-red-color has-text-color\"><strong>Mehut<\/strong><\/p>\n\n\n\n<p class=\"has-vivid-red-color has-text-color\"><strong>Banaani<\/strong><\/p>\n\n\n\n<p class=\"has-vivid-red-color has-text-color\"><strong>Ananas<\/strong><\/p>\n\n\n\n<p class=\"has-vivid-red-color has-text-color\"><strong>Rusinat<\/strong><\/p>\n\n\n\n<p class=\"has-vivid-red-color has-text-color\"><strong>L<\/strong><strong>iemikuutiot<\/strong><\/p>\n\n\n\n<p class=\"has-vivid-red-color has-text-color\"><strong>Valmismausteseokset<\/strong>&nbsp;(jos et tied\u00e4 sis\u00e4lt\u00f6\u00e4)<\/p>\n\n\n\n<p class=\"has-vivid-red-color has-text-color\"><strong>Kaikki keinotekoiset makeutusaineet:<\/strong><br><strong>E420 sorbitoli<\/strong><br><strong>E421 mannitoli<\/strong><br><strong>E950 asesulfaami<\/strong><br><strong>E951 aspartaami<\/strong><br><strong>E952 syklamaatti (Ca, Na)<\/strong><br><strong>E953 isomalti, isomaltitoli<\/strong><br><strong>E954 sakariini (Ca, K)<\/strong><br><strong>E955 sukraloosi<\/strong><br><strong>E965 maltitoli<\/strong><br><strong>E966 laktitoli<\/strong><br><strong>E968 erytritoli<\/strong><br><strong><span class=\"has-inline-color has-pale-pink-color\">(E961 neotaami ?&nbsp;<a href=\"https:\/\/cspinet.org\/\">https:\/\/cspinet.org\/ mukaan ok<\/a>)<\/span><\/strong><\/p>\n\n\n\n<p><strong>Keitti\u00f6hommat l\u00e4htev\u00e4t k\u00e4yntiin hyvist\u00e4 ja tuoreista raaka-aineista\u2026<\/strong><\/p>\n","protected":false},"excerpt":{"rendered":"<p>Tummanvihre\u00e4 \u2013 saa sy\u00f6d\u00e4 huoletta Vaaleanvihre\u00e4 \u2013 saa sy\u00f6d\u00e4 hieman rajoittaen Oranssi \u2013 sy\u00f6 vain rajoitetusti Pinkki \u2013 sy\u00f6 vain eritt\u00e4in rajoitetusti Punainen \u2013 \u00c4l\u00e4 sy\u00f6 Tummanvihre\u00e4 \u2013 saa sy\u00f6d\u00e4 huoletta Ankka Avokado&nbsp;(Persea americana) [sis\u00e4lt\u00e4\u00e4 runsaasti kaliumia] Bambu&nbsp;(Bambuseae) Chili&nbsp;(Capsicum) Endiivi&nbsp;(Cichorium endivia) Hanhi Inkiv\u00e4\u00e4ri&nbsp;eli mausteinkiv\u00e4\u00e4ri (Zingiber officinale) Juustot, kaikki juustot paitsi tuorejuustot vain rajoitetusti Kaali&nbsp;(Brassica oleracea) [&hellip;]<\/p>\n","protected":false},"author":1,"featured_media":0,"parent":389,"menu_order":0,"comment_status":"closed","ping_status":"closed","template":"","meta":{"footnotes":""},"class_list":["post-392","page","type-page","status-publish","hentry"],"_links":{"self":[{"href":"https:\/\/oaksmoke.fi\/index.php?rest_route=\/wp\/v2\/pages\/392","targetHints":{"allow":["GET"]}}],"collection":[{"href":"https:\/\/oaksmoke.fi\/index.php?rest_route=\/wp\/v2\/pages"}],"about":[{"href":"https:\/\/oaksmoke.fi\/index.php?rest_route=\/wp\/v2\/types\/page"}],"author":[{"embeddable":true,"href":"https:\/\/oaksmoke.fi\/index.php?rest_route=\/wp\/v2\/users\/1"}],"replies":[{"embeddable":true,"href":"https:\/\/oaksmoke.fi\/index.php?rest_route=%2Fwp%2Fv2%2Fcomments&post=392"}],"version-history":[{"count":12,"href":"https:\/\/oaksmoke.fi\/index.php?rest_route=\/wp\/v2\/pages\/392\/revisions"}],"predecessor-version":[{"id":440,"href":"https:\/\/oaksmoke.fi\/index.php?rest_route=\/wp\/v2\/pages\/392\/revisions\/440"}],"up":[{"embeddable":true,"href":"https:\/\/oaksmoke.fi\/index.php?rest_route=\/wp\/v2\/pages\/389"}],"wp:attachment":[{"href":"https:\/\/oaksmoke.fi\/index.php?rest_route=%2Fwp%2Fv2%2Fmedia&parent=392"}],"curies":[{"name":"wp","href":"https:\/\/api.w.org\/{rel}","templated":true}]}}