{"id":408,"date":"2020-07-08T09:32:05","date_gmt":"2020-07-08T09:32:05","guid":{"rendered":"https:\/\/oaksmoke.fi\/?page_id=408"},"modified":"2020-07-08T09:32:06","modified_gmt":"2020-07-08T09:32:06","slug":"kaikkiruokaisten-reseptit","status":"publish","type":"page","link":"https:\/\/oaksmoke.fi\/?page_id=408","title":{"rendered":"Kaikkiruokaisten reseptit"},"content":{"rendered":"\n<p><a href=\"https:\/\/www.olohuone.fi\/?page_id=2348\">Porkkanat jauhelihasta (VHH)<\/a><\/p>\n\n\n\n<p><a href=\"http:\/\/www.olohuone.fi\/?page_id=2232\">Tulinen gulassi (VHH*)<\/a><\/p>\n\n\n\n<p><a href=\"http:\/\/www.olohuone.fi\/?page_id=2139\">Etanat (VHH)<\/a><\/p>\n\n\n\n<p><a href=\"http:\/\/www.olohuone.fi\/?page_id=2119\">Kukkakaalimuusi (VHH)<\/a><\/p>\n\n\n\n<p><a href=\"http:\/\/www.olohuone.fi\/?page_id=2112\">Mutakakku (VHH)<\/a><\/p>\n\n\n\n<p><a href=\"http:\/\/www.olohuone.fi\/?page_id=2092\">Pekoni-Aura-juustopihvit (VHH)<\/a><\/p>\n\n\n\n<p><a href=\"http:\/\/www.olohuone.fi\/?page_id=2038\">Kebabliha (VHH)<\/a><\/p>\n\n\n\n<p><a href=\"http:\/\/www.olohuone.fi\/?page_id=1890\">Suklaamousse (VHH)<\/a><\/p>\n\n\n\n<p><a href=\"http:\/\/www.olohuone.fi\/?page_id=2017\">Saiturinpihvi eli ABC-pihvi (VHH)<\/a><\/p>\n\n\n\n<p><a href=\"http:\/\/www.olohuone.fi\/?page_id=1952\">Kes\u00e4kurpitsavuoka (VHH)<\/a><\/p>\n\n\n\n<p><a href=\"http:\/\/www.olohuone.fi\/?page_id=165\">Pekoniin k\u00e4\u00e4rityt Aji Cristalit (VHH)<\/a><\/p>\n\n\n\n<p><a href=\"http:\/\/www.olohuone.fi\/?page_id=1809\">Ooo-keitto (VHH)<\/a><\/p>\n\n\n\n<p><a href=\"http:\/\/www.olohuone.fi\/?page_id=1785\">Hampurilainen (VHH)<\/a><\/p>\n\n\n\n<p><a href=\"http:\/\/www.olohuone.fi\/?page_id=1765\">Tuliset Wingsit porkkanalla ja sellerill\u00e4 (VHH)<\/a><\/p>\n\n\n\n<p><a href=\"http:\/\/www.olohuone.fi\/?page_id=855\">Smoked Pulled Pork (VHH)<\/a><\/p>\n\n\n\n<p><a href=\"http:\/\/www.olohuone.fi\/?page_id=1701\">Kukkakaaligratiini (VHH)<\/a><\/p>\n\n\n\n<p><a href=\"http:\/\/www.olohuone.fi\/?page_id=821\">Kes\u00e4kurpitsapaprikakeitto<\/a><\/p>\n\n\n\n<p><a href=\"http:\/\/www.olohuone.fi\/?page_id=724\">Thai-kanakeitto<\/a><\/p>\n\n\n\n<p><a href=\"http:\/\/www.olohuone.fi\/?page_id=749\">Raparperipiirakka<\/a><\/p>\n\n\n\n<p><a href=\"http:\/\/www.olohuone.fi\/?page_id=795\">Uunikasvikset<\/a><\/p>\n","protected":false},"excerpt":{"rendered":"<p>Porkkanat jauhelihasta (VHH) Tulinen gulassi (VHH*) Etanat (VHH) Kukkakaalimuusi (VHH) Mutakakku (VHH) Pekoni-Aura-juustopihvit (VHH) Kebabliha (VHH) Suklaamousse (VHH) Saiturinpihvi eli ABC-pihvi (VHH) Kes\u00e4kurpitsavuoka (VHH) Pekoniin k\u00e4\u00e4rityt Aji Cristalit (VHH) Ooo-keitto (VHH) Hampurilainen (VHH) Tuliset Wingsit porkkanalla ja sellerill\u00e4 (VHH) Smoked Pulled Pork (VHH) Kukkakaaligratiini (VHH) Kes\u00e4kurpitsapaprikakeitto Thai-kanakeitto Raparperipiirakka Uunikasvikset<\/p>\n","protected":false},"author":1,"featured_media":0,"parent":387,"menu_order":0,"comment_status":"closed","ping_status":"closed","template":"","meta":{"footnotes":""},"class_list":["post-408","page","type-page","status-publish","hentry"],"_links":{"self":[{"href":"https:\/\/oaksmoke.fi\/index.php?rest_route=\/wp\/v2\/pages\/408","targetHints":{"allow":["GET"]}}],"collection":[{"href":"https:\/\/oaksmoke.fi\/index.php?rest_route=\/wp\/v2\/pages"}],"about":[{"href":"https:\/\/oaksmoke.fi\/index.php?rest_route=\/wp\/v2\/types\/page"}],"author":[{"embeddable":true,"href":"https:\/\/oaksmoke.fi\/index.php?rest_route=\/wp\/v2\/users\/1"}],"replies":[{"embeddable":true,"href":"https:\/\/oaksmoke.fi\/index.php?rest_route=%2Fwp%2Fv2%2Fcomments&post=408"}],"version-history":[{"count":1,"href":"https:\/\/oaksmoke.fi\/index.php?rest_route=\/wp\/v2\/pages\/408\/revisions"}],"predecessor-version":[{"id":409,"href":"https:\/\/oaksmoke.fi\/index.php?rest_route=\/wp\/v2\/pages\/408\/revisions\/409"}],"up":[{"embeddable":true,"href":"https:\/\/oaksmoke.fi\/index.php?rest_route=\/wp\/v2\/pages\/387"}],"wp:attachment":[{"href":"https:\/\/oaksmoke.fi\/index.php?rest_route=%2Fwp%2Fv2%2Fmedia&parent=408"}],"curies":[{"name":"wp","href":"https:\/\/api.w.org\/{rel}","templated":true}]}}