{"id":83,"date":"2019-09-11T15:56:44","date_gmt":"2019-09-11T15:56:44","guid":{"rendered":"https:\/\/oaksmoke.fi\/pages\/?page_id=83"},"modified":"2023-11-29T07:50:28","modified_gmt":"2023-11-29T07:50:28","slug":"octet-grill","status":"publish","type":"page","link":"https:\/\/oaksmoke.fi\/?page_id=83","title":{"rendered":"Octet Grill"},"content":{"rendered":"\n<p class=\"has-text-align-left\"><strong>Oaksmoke Octet Grillit on suunniteltu ja<\/strong><br><strong>valmistettu Suomessa<\/strong>.<br><\/p>\n\n\n\n<p>Tyylikk\u00e4\u00e4sti muotoiltu ja kest\u00e4v\u00e4, l\u00e4hes<br>huoltovapaa grilli ymp\u00e4rivuotiseen k\u00e4ytt\u00f6\u00f6n<\/p>\n\n\n\n<p><strong>Sopii monenlaisen ruoan valmistukseen paistaen,<\/strong><br><strong>grillaten tai hauduttaen.<\/strong><\/p>\n\n\n\n<p>Nauti yhteis\u00f6llisest\u00e4 ja tunnelmallisesta ruoan<br>valmistuksesta el\u00e4v\u00e4n tulen \u00e4\u00e4rell\u00e4.<\/p>\n\n\n\n<p><strong>Suuri paistopinta-ala ja sen erilaiset l\u00e4mp\u00f6tilaalueet<br>mahdollistavat suuren ruokam\u00e4\u00e4r\u00e4n ja eri<\/strong><br><strong>ruokalajien yht\u00e4aikaisen kypsymisen ja ruoan<\/strong><br><strong>l\u00e4mpim\u00e4n\u00e4 pit\u00e4misen.<\/strong><\/p>\n\n\n\n<p>Grilli on kuumakestomaalattu.<\/p>\n\n\n\n<p><strong>Grilli t\u00e4ytt\u00e4\u00e4 standardin SFS-EN 1860-<\/strong><br><strong>1:2013 + A1:2017\/AC vaatimukset.<\/strong><br><strong>Grilli on siis turvallinen hankinta my\u00f6s<\/strong><br><strong>taloyhti\u00f6ille ja erilaisille yhteis\u00f6ille sek\u00e4<\/strong><br><strong>julkiseen k\u00e4ytt\u00f6\u00f6n.<\/strong><\/p>\n\n\n\n<p>Paistotasona 12 mm ter\u00e4slevy, jonka halkaisija on 98 cm \/ 106 cm.<\/p>\n\n\n\n<p><strong>Vedons\u00e4\u00e4t\u00f6 ja tuhkanpoisto grillin<\/strong><br><strong>jalustassa olevan tuhkaluukun kautta<\/strong><\/p>\n\n\n\n<p>Lis\u00e4varusteena saatavana mm. puinen<br>p\u00f6yt\u00e4keh\u00e4, korkeuss\u00e4\u00e4dett\u00e4v\u00e4 grilliritil\u00e4 ja<br>loimulohiteline<\/p>\n\n\n\n<p><strong>Kehit\u00e4mme uusia lis\u00e4varusteita jatkuvasti.<\/strong><\/p>\n\n\n\n<p>Korkeusvaihtoehdot ovat 60 cm, 73 cm, 90 cm ja 100 cm.<\/p>\n\n\n\n<p><strong>Paistopinta-ala 6800 cm2 (ilman grilliritil\u00e4\u00e4).<br>Suurempi paistopinta-ala on saavutettu j\u00e4rjest\u00e4m\u00e4ll\u00e4<br>ilmaotto pohjan kautta, jolloin keskiaukon<br>ei tarvitse olla liian iso.<\/strong><\/p>\n\n\n\n<p>Paino yhteens\u00e4 165 \u2013 190 kg riippuen valitusta jalustasta ja lis\u00e4varusteista<\/p>\n\n\n\n<div class=\"wp-block-file\"><a id=\"wp-block-file--media-64776268-6f31-488a-b5fc-2e5f525822e3\" href=\"https:\/\/oaksmoke.fi\/pages\/wp-content\/uploads\/2019\/09\/Grilliesite9.pdf\">Octet Grill -esite<\/a><a href=\"https:\/\/oaksmoke.fi\/pages\/wp-content\/uploads\/2019\/09\/Grilliesite9.pdf\" class=\"wp-block-file__button wp-element-button\" download aria-describedby=\"wp-block-file--media-64776268-6f31-488a-b5fc-2e5f525822e3\">Lataa<\/a><\/div>\n\n\n\n<figure class=\"wp-block-gallery has-nested-images columns-default is-cropped wp-block-gallery-1 is-layout-flex wp-block-gallery-is-layout-flex\">\n<figure class=\"wp-block-image size-large\"><img loading=\"lazy\" decoding=\"async\" width=\"1024\" height=\"576\" data-id=\"88\" src=\"https:\/\/oaksmoke.fi\/pages\/wp-content\/uploads\/2019\/09\/Kuva00001-1024x576.jpg\" alt=\"\" class=\"wp-image-88\" srcset=\"https:\/\/oaksmoke.fi\/pages\/wp-content\/uploads\/2019\/09\/Kuva00001.jpg 1024w, https:\/\/oaksmoke.fi\/pages\/wp-content\/uploads\/2019\/09\/Kuva00001-300x169.jpg 300w, https:\/\/oaksmoke.fi\/pages\/wp-content\/uploads\/2019\/09\/Kuva00001-768x432.jpg 768w\" sizes=\"auto, (max-width: 1024px) 100vw, 1024px\" \/><\/figure>\n\n\n\n<figure class=\"wp-block-image size-large\"><img loading=\"lazy\" decoding=\"async\" width=\"1024\" height=\"576\" data-id=\"89\" src=\"https:\/\/oaksmoke.fi\/pages\/wp-content\/uploads\/2019\/09\/Kuva00002-1024x576.jpg\" alt=\"\" class=\"wp-image-89\" srcset=\"https:\/\/oaksmoke.fi\/pages\/wp-content\/uploads\/2019\/09\/Kuva00002.jpg 1024w, https:\/\/oaksmoke.fi\/pages\/wp-content\/uploads\/2019\/09\/Kuva00002-300x169.jpg 300w, https:\/\/oaksmoke.fi\/pages\/wp-content\/uploads\/2019\/09\/Kuva00002-768x432.jpg 768w\" sizes=\"auto, (max-width: 1024px) 100vw, 1024px\" \/><\/figure>\n\n\n\n<figure class=\"wp-block-image size-large\"><img loading=\"lazy\" decoding=\"async\" width=\"1024\" height=\"576\" data-id=\"90\" src=\"https:\/\/oaksmoke.fi\/pages\/wp-content\/uploads\/2019\/09\/Kuva00005-1024x576.jpg\" alt=\"\" class=\"wp-image-90\" srcset=\"https:\/\/oaksmoke.fi\/pages\/wp-content\/uploads\/2019\/09\/Kuva00005.jpg 1024w, https:\/\/oaksmoke.fi\/pages\/wp-content\/uploads\/2019\/09\/Kuva00005-300x169.jpg 300w, https:\/\/oaksmoke.fi\/pages\/wp-content\/uploads\/2019\/09\/Kuva00005-768x432.jpg 768w\" sizes=\"auto, (max-width: 1024px) 100vw, 1024px\" \/><\/figure>\n\n\n\n<figure class=\"wp-block-image size-large\"><img loading=\"lazy\" decoding=\"async\" width=\"1024\" height=\"576\" data-id=\"91\" src=\"https:\/\/oaksmoke.fi\/pages\/wp-content\/uploads\/2019\/09\/Kuva00007-1024x576.jpg\" alt=\"\" class=\"wp-image-91\" srcset=\"https:\/\/oaksmoke.fi\/pages\/wp-content\/uploads\/2019\/09\/Kuva00007.jpg 1024w, https:\/\/oaksmoke.fi\/pages\/wp-content\/uploads\/2019\/09\/Kuva00007-300x169.jpg 300w, https:\/\/oaksmoke.fi\/pages\/wp-content\/uploads\/2019\/09\/Kuva00007-768x432.jpg 768w\" sizes=\"auto, (max-width: 1024px) 100vw, 1024px\" \/><\/figure>\n\n\n\n<figure class=\"wp-block-image size-large\"><img loading=\"lazy\" decoding=\"async\" width=\"1024\" height=\"576\" data-id=\"92\" src=\"https:\/\/oaksmoke.fi\/pages\/wp-content\/uploads\/2019\/09\/Kuva00008-1024x576.jpg\" alt=\"\" class=\"wp-image-92\" srcset=\"https:\/\/oaksmoke.fi\/pages\/wp-content\/uploads\/2019\/09\/Kuva00008.jpg 1024w, https:\/\/oaksmoke.fi\/pages\/wp-content\/uploads\/2019\/09\/Kuva00008-300x169.jpg 300w, https:\/\/oaksmoke.fi\/pages\/wp-content\/uploads\/2019\/09\/Kuva00008-768x432.jpg 768w\" sizes=\"auto, (max-width: 1024px) 100vw, 1024px\" \/><\/figure>\n\n\n\n<figure class=\"wp-block-image size-large\"><img loading=\"lazy\" decoding=\"async\" width=\"906\" height=\"600\" data-id=\"94\" src=\"https:\/\/oaksmoke.fi\/pages\/wp-content\/uploads\/2019\/09\/Kuva00019.jpg\" alt=\"\" class=\"wp-image-94\" srcset=\"https:\/\/oaksmoke.fi\/pages\/wp-content\/uploads\/2019\/09\/Kuva00019.jpg 906w, https:\/\/oaksmoke.fi\/pages\/wp-content\/uploads\/2019\/09\/Kuva00019-300x199.jpg 300w, https:\/\/oaksmoke.fi\/pages\/wp-content\/uploads\/2019\/09\/Kuva00019-768x509.jpg 768w\" sizes=\"auto, (max-width: 906px) 100vw, 906px\" \/><\/figure>\n\n\n\n<figure class=\"wp-block-image size-large\"><img loading=\"lazy\" decoding=\"async\" width=\"906\" height=\"600\" data-id=\"95\" src=\"https:\/\/oaksmoke.fi\/pages\/wp-content\/uploads\/2019\/09\/Kuva00020.jpg\" alt=\"\" class=\"wp-image-95\" srcset=\"https:\/\/oaksmoke.fi\/pages\/wp-content\/uploads\/2019\/09\/Kuva00020.jpg 906w, https:\/\/oaksmoke.fi\/pages\/wp-content\/uploads\/2019\/09\/Kuva00020-300x199.jpg 300w, https:\/\/oaksmoke.fi\/pages\/wp-content\/uploads\/2019\/09\/Kuva00020-768x509.jpg 768w\" sizes=\"auto, (max-width: 906px) 100vw, 906px\" \/><\/figure>\n\n\n\n<figure class=\"wp-block-image size-large\"><img loading=\"lazy\" decoding=\"async\" width=\"1024\" height=\"576\" data-id=\"96\" src=\"https:\/\/oaksmoke.fi\/pages\/wp-content\/uploads\/2019\/09\/Kuva00022-1024x576.jpg\" alt=\"\" class=\"wp-image-96\" srcset=\"https:\/\/oaksmoke.fi\/pages\/wp-content\/uploads\/2019\/09\/Kuva00022.jpg 1024w, https:\/\/oaksmoke.fi\/pages\/wp-content\/uploads\/2019\/09\/Kuva00022-300x169.jpg 300w, https:\/\/oaksmoke.fi\/pages\/wp-content\/uploads\/2019\/09\/Kuva00022-768x432.jpg 768w\" sizes=\"auto, (max-width: 1024px) 100vw, 1024px\" \/><\/figure>\n\n\n\n<figure class=\"wp-block-image size-large\"><img loading=\"lazy\" decoding=\"async\" width=\"338\" height=\"600\" data-id=\"97\" src=\"https:\/\/oaksmoke.fi\/pages\/wp-content\/uploads\/2019\/09\/Kuva00027.jpg\" alt=\"\" class=\"wp-image-97\" srcset=\"https:\/\/oaksmoke.fi\/pages\/wp-content\/uploads\/2019\/09\/Kuva00027.jpg 338w, https:\/\/oaksmoke.fi\/pages\/wp-content\/uploads\/2019\/09\/Kuva00027-169x300.jpg 169w\" sizes=\"auto, (max-width: 338px) 100vw, 338px\" \/><\/figure>\n\n\n\n<figure class=\"wp-block-image size-large\"><img loading=\"lazy\" decoding=\"async\" width=\"338\" height=\"600\" data-id=\"98\" src=\"https:\/\/oaksmoke.fi\/pages\/wp-content\/uploads\/2019\/09\/Kuva00029.jpg\" alt=\"\" class=\"wp-image-98\" srcset=\"https:\/\/oaksmoke.fi\/pages\/wp-content\/uploads\/2019\/09\/Kuva00029.jpg 338w, https:\/\/oaksmoke.fi\/pages\/wp-content\/uploads\/2019\/09\/Kuva00029-169x300.jpg 169w\" sizes=\"auto, (max-width: 338px) 100vw, 338px\" \/><\/figure>\n\n\n\n<figure class=\"wp-block-image size-large\"><img loading=\"lazy\" decoding=\"async\" width=\"1024\" height=\"576\" data-id=\"99\" src=\"https:\/\/oaksmoke.fi\/pages\/wp-content\/uploads\/2019\/09\/Kuva00033-1024x576.jpg\" alt=\"\" class=\"wp-image-99\" srcset=\"https:\/\/oaksmoke.fi\/pages\/wp-content\/uploads\/2019\/09\/Kuva00033.jpg 1024w, https:\/\/oaksmoke.fi\/pages\/wp-content\/uploads\/2019\/09\/Kuva00033-300x169.jpg 300w, https:\/\/oaksmoke.fi\/pages\/wp-content\/uploads\/2019\/09\/Kuva00033-768x432.jpg 768w\" sizes=\"auto, (max-width: 1024px) 100vw, 1024px\" \/><\/figure>\n\n\n\n<figure class=\"wp-block-image size-large\"><img loading=\"lazy\" decoding=\"async\" width=\"1024\" height=\"576\" data-id=\"101\" src=\"https:\/\/oaksmoke.fi\/pages\/wp-content\/uploads\/2019\/09\/Kuva00042-1024x576.jpg\" alt=\"\" class=\"wp-image-101\" srcset=\"https:\/\/oaksmoke.fi\/pages\/wp-content\/uploads\/2019\/09\/Kuva00042.jpg 1024w, https:\/\/oaksmoke.fi\/pages\/wp-content\/uploads\/2019\/09\/Kuva00042-300x169.jpg 300w, https:\/\/oaksmoke.fi\/pages\/wp-content\/uploads\/2019\/09\/Kuva00042-768x432.jpg 768w\" sizes=\"auto, (max-width: 1024px) 100vw, 1024px\" \/><\/figure>\n\n\n\n<figure class=\"wp-block-image size-large\"><img loading=\"lazy\" decoding=\"async\" width=\"1024\" height=\"576\" data-id=\"102\" src=\"https:\/\/oaksmoke.fi\/pages\/wp-content\/uploads\/2019\/09\/Kuva00044-1024x576.jpg\" alt=\"\" class=\"wp-image-102\" srcset=\"https:\/\/oaksmoke.fi\/pages\/wp-content\/uploads\/2019\/09\/Kuva00044.jpg 1024w, https:\/\/oaksmoke.fi\/pages\/wp-content\/uploads\/2019\/09\/Kuva00044-300x169.jpg 300w, https:\/\/oaksmoke.fi\/pages\/wp-content\/uploads\/2019\/09\/Kuva00044-768x432.jpg 768w\" sizes=\"auto, (max-width: 1024px) 100vw, 1024px\" \/><\/figure>\n\n\n\n<figure class=\"wp-block-image size-large\"><img loading=\"lazy\" decoding=\"async\" width=\"1024\" height=\"576\" data-id=\"103\" src=\"https:\/\/oaksmoke.fi\/pages\/wp-content\/uploads\/2019\/09\/Kuva00055-1024x576.jpg\" alt=\"\" class=\"wp-image-103\" srcset=\"https:\/\/oaksmoke.fi\/pages\/wp-content\/uploads\/2019\/09\/Kuva00055.jpg 1024w, https:\/\/oaksmoke.fi\/pages\/wp-content\/uploads\/2019\/09\/Kuva00055-300x169.jpg 300w, https:\/\/oaksmoke.fi\/pages\/wp-content\/uploads\/2019\/09\/Kuva00055-768x432.jpg 768w\" sizes=\"auto, (max-width: 1024px) 100vw, 1024px\" \/><\/figure>\n\n\n\n<figure class=\"wp-block-image size-large\"><img loading=\"lazy\" decoding=\"async\" width=\"1024\" height=\"576\" data-id=\"104\" src=\"https:\/\/oaksmoke.fi\/pages\/wp-content\/uploads\/2019\/09\/Kuva00056-1024x576.jpg\" alt=\"\" class=\"wp-image-104\" srcset=\"https:\/\/oaksmoke.fi\/pages\/wp-content\/uploads\/2019\/09\/Kuva00056.jpg 1024w, https:\/\/oaksmoke.fi\/pages\/wp-content\/uploads\/2019\/09\/Kuva00056-300x169.jpg 300w, https:\/\/oaksmoke.fi\/pages\/wp-content\/uploads\/2019\/09\/Kuva00056-768x432.jpg 768w\" sizes=\"auto, (max-width: 1024px) 100vw, 1024px\" \/><\/figure>\n\n\n\n<figure class=\"wp-block-image size-large\"><img loading=\"lazy\" decoding=\"async\" width=\"1024\" height=\"576\" data-id=\"105\" src=\"https:\/\/oaksmoke.fi\/pages\/wp-content\/uploads\/2019\/09\/Kuva00060-1024x576.jpg\" alt=\"\" class=\"wp-image-105\" srcset=\"https:\/\/oaksmoke.fi\/pages\/wp-content\/uploads\/2019\/09\/Kuva00060.jpg 1024w, https:\/\/oaksmoke.fi\/pages\/wp-content\/uploads\/2019\/09\/Kuva00060-300x169.jpg 300w, https:\/\/oaksmoke.fi\/pages\/wp-content\/uploads\/2019\/09\/Kuva00060-768x432.jpg 768w\" sizes=\"auto, (max-width: 1024px) 100vw, 1024px\" \/><\/figure>\n\n\n\n<figure class=\"wp-block-image size-large\"><img loading=\"lazy\" decoding=\"async\" width=\"1024\" height=\"576\" data-id=\"106\" src=\"https:\/\/oaksmoke.fi\/pages\/wp-content\/uploads\/2019\/09\/Kuva00062-1024x576.jpg\" alt=\"\" class=\"wp-image-106\" srcset=\"https:\/\/oaksmoke.fi\/pages\/wp-content\/uploads\/2019\/09\/Kuva00062.jpg 1024w, https:\/\/oaksmoke.fi\/pages\/wp-content\/uploads\/2019\/09\/Kuva00062-300x169.jpg 300w, https:\/\/oaksmoke.fi\/pages\/wp-content\/uploads\/2019\/09\/Kuva00062-768x432.jpg 768w\" sizes=\"auto, (max-width: 1024px) 100vw, 1024px\" \/><\/figure>\n\n\n\n<figure class=\"wp-block-image size-large\"><img loading=\"lazy\" decoding=\"async\" width=\"1024\" height=\"576\" data-id=\"108\" src=\"https:\/\/oaksmoke.fi\/pages\/wp-content\/uploads\/2019\/09\/Kuva00066-1024x576.jpg\" alt=\"\" class=\"wp-image-108\" srcset=\"https:\/\/oaksmoke.fi\/pages\/wp-content\/uploads\/2019\/09\/Kuva00066.jpg 1024w, https:\/\/oaksmoke.fi\/pages\/wp-content\/uploads\/2019\/09\/Kuva00066-300x169.jpg 300w, https:\/\/oaksmoke.fi\/pages\/wp-content\/uploads\/2019\/09\/Kuva00066-768x432.jpg 768w\" sizes=\"auto, (max-width: 1024px) 100vw, 1024px\" \/><\/figure>\n\n\n\n<figure class=\"wp-block-image size-large\"><img loading=\"lazy\" decoding=\"async\" width=\"1024\" height=\"576\" data-id=\"109\" src=\"https:\/\/oaksmoke.fi\/pages\/wp-content\/uploads\/2019\/09\/Kuva00078-1024x576.jpg\" alt=\"\" class=\"wp-image-109\" srcset=\"https:\/\/oaksmoke.fi\/pages\/wp-content\/uploads\/2019\/09\/Kuva00078.jpg 1024w, https:\/\/oaksmoke.fi\/pages\/wp-content\/uploads\/2019\/09\/Kuva00078-300x169.jpg 300w, https:\/\/oaksmoke.fi\/pages\/wp-content\/uploads\/2019\/09\/Kuva00078-768x432.jpg 768w\" sizes=\"auto, (max-width: 1024px) 100vw, 1024px\" \/><\/figure>\n\n\n\n<figure class=\"wp-block-image size-large\"><img loading=\"lazy\" decoding=\"async\" width=\"1024\" height=\"576\" data-id=\"110\" src=\"https:\/\/oaksmoke.fi\/pages\/wp-content\/uploads\/2019\/09\/Kuva00079-1024x576.jpg\" alt=\"\" class=\"wp-image-110\" srcset=\"https:\/\/oaksmoke.fi\/pages\/wp-content\/uploads\/2019\/09\/Kuva00079.jpg 1024w, https:\/\/oaksmoke.fi\/pages\/wp-content\/uploads\/2019\/09\/Kuva00079-300x169.jpg 300w, https:\/\/oaksmoke.fi\/pages\/wp-content\/uploads\/2019\/09\/Kuva00079-768x432.jpg 768w\" sizes=\"auto, (max-width: 1024px) 100vw, 1024px\" \/><\/figure>\n\n\n\n<figure class=\"wp-block-image size-large\"><img loading=\"lazy\" decoding=\"async\" width=\"338\" height=\"600\" data-id=\"111\" src=\"https:\/\/oaksmoke.fi\/pages\/wp-content\/uploads\/2019\/09\/Kuva00084.jpg\" alt=\"\" class=\"wp-image-111\" srcset=\"https:\/\/oaksmoke.fi\/pages\/wp-content\/uploads\/2019\/09\/Kuva00084.jpg 338w, https:\/\/oaksmoke.fi\/pages\/wp-content\/uploads\/2019\/09\/Kuva00084-169x300.jpg 169w\" sizes=\"auto, (max-width: 338px) 100vw, 338px\" \/><\/figure>\n\n\n\n<figure class=\"wp-block-image size-large\"><img loading=\"lazy\" decoding=\"async\" width=\"800\" height=\"600\" data-id=\"115\" src=\"https:\/\/oaksmoke.fi\/pages\/wp-content\/uploads\/2019\/09\/Kuva00095.jpg\" alt=\"\" class=\"wp-image-115\" srcset=\"https:\/\/oaksmoke.fi\/pages\/wp-content\/uploads\/2019\/09\/Kuva00095.jpg 800w, https:\/\/oaksmoke.fi\/pages\/wp-content\/uploads\/2019\/09\/Kuva00095-300x225.jpg 300w, https:\/\/oaksmoke.fi\/pages\/wp-content\/uploads\/2019\/09\/Kuva00095-768x576.jpg 768w\" sizes=\"auto, (max-width: 800px) 100vw, 800px\" \/><\/figure>\n\n\n\n<figure class=\"wp-block-image size-large\"><img loading=\"lazy\" decoding=\"async\" width=\"1024\" height=\"576\" data-id=\"117\" src=\"https:\/\/oaksmoke.fi\/pages\/wp-content\/uploads\/2019\/09\/Kuva00139-1024x576.jpg\" alt=\"\" class=\"wp-image-117\" srcset=\"https:\/\/oaksmoke.fi\/pages\/wp-content\/uploads\/2019\/09\/Kuva00139.jpg 1024w, https:\/\/oaksmoke.fi\/pages\/wp-content\/uploads\/2019\/09\/Kuva00139-300x169.jpg 300w, https:\/\/oaksmoke.fi\/pages\/wp-content\/uploads\/2019\/09\/Kuva00139-768x432.jpg 768w\" sizes=\"auto, (max-width: 1024px) 100vw, 1024px\" \/><\/figure>\n\n\n\n<figure class=\"wp-block-image size-large\"><img loading=\"lazy\" decoding=\"async\" width=\"1024\" height=\"576\" data-id=\"118\" src=\"https:\/\/oaksmoke.fi\/pages\/wp-content\/uploads\/2019\/09\/Kuva00143-1024x576.jpg\" alt=\"\" class=\"wp-image-118\" srcset=\"https:\/\/oaksmoke.fi\/pages\/wp-content\/uploads\/2019\/09\/Kuva00143.jpg 1024w, https:\/\/oaksmoke.fi\/pages\/wp-content\/uploads\/2019\/09\/Kuva00143-300x169.jpg 300w, https:\/\/oaksmoke.fi\/pages\/wp-content\/uploads\/2019\/09\/Kuva00143-768x432.jpg 768w\" sizes=\"auto, (max-width: 1024px) 100vw, 1024px\" \/><\/figure>\n\n\n\n<figure class=\"wp-block-image size-large\"><img loading=\"lazy\" decoding=\"async\" width=\"1024\" height=\"576\" data-id=\"119\" src=\"https:\/\/oaksmoke.fi\/pages\/wp-content\/uploads\/2019\/09\/Kuva00152-1024x576.jpg\" alt=\"\" class=\"wp-image-119\" srcset=\"https:\/\/oaksmoke.fi\/pages\/wp-content\/uploads\/2019\/09\/Kuva00152.jpg 1024w, https:\/\/oaksmoke.fi\/pages\/wp-content\/uploads\/2019\/09\/Kuva00152-300x169.jpg 300w, https:\/\/oaksmoke.fi\/pages\/wp-content\/uploads\/2019\/09\/Kuva00152-768x432.jpg 768w\" sizes=\"auto, (max-width: 1024px) 100vw, 1024px\" \/><\/figure>\n\n\n\n<figure class=\"wp-block-image size-large\"><img loading=\"lazy\" decoding=\"async\" width=\"1024\" height=\"576\" data-id=\"120\" src=\"https:\/\/oaksmoke.fi\/pages\/wp-content\/uploads\/2019\/09\/Kuva00154-1024x576.jpg\" alt=\"\" class=\"wp-image-120\" srcset=\"https:\/\/oaksmoke.fi\/pages\/wp-content\/uploads\/2019\/09\/Kuva00154.jpg 1024w, https:\/\/oaksmoke.fi\/pages\/wp-content\/uploads\/2019\/09\/Kuva00154-300x169.jpg 300w, https:\/\/oaksmoke.fi\/pages\/wp-content\/uploads\/2019\/09\/Kuva00154-768x432.jpg 768w\" sizes=\"auto, (max-width: 1024px) 100vw, 1024px\" \/><\/figure>\n\n\n\n<figure class=\"wp-block-image size-large\"><img loading=\"lazy\" decoding=\"async\" width=\"906\" height=\"600\" data-id=\"138\" src=\"https:\/\/oaksmoke.fi\/pages\/wp-content\/uploads\/2019\/09\/Kuva00643.jpg\" alt=\"\" class=\"wp-image-138\" srcset=\"https:\/\/oaksmoke.fi\/pages\/wp-content\/uploads\/2019\/09\/Kuva00643.jpg 906w, https:\/\/oaksmoke.fi\/pages\/wp-content\/uploads\/2019\/09\/Kuva00643-300x199.jpg 300w, https:\/\/oaksmoke.fi\/pages\/wp-content\/uploads\/2019\/09\/Kuva00643-768x509.jpg 768w\" sizes=\"auto, (max-width: 906px) 100vw, 906px\" \/><\/figure>\n<\/figure>\n\n\n\n<figure class=\"wp-block-gallery has-nested-images columns-default is-cropped wp-block-gallery-2 is-layout-flex wp-block-gallery-is-layout-flex\">\n<figure class=\"wp-block-image size-large\"><img loading=\"lazy\" decoding=\"async\" width=\"1024\" height=\"1024\" data-id=\"426\" src=\"https:\/\/oaksmoke.fi\/pages\/wp-content\/uploads\/2020\/07\/OaksmokeOctetGrill-MT-6-1024x1024.jpg\" alt=\"\" class=\"wp-image-426\" srcset=\"https:\/\/oaksmoke.fi\/pages\/wp-content\/uploads\/2020\/07\/OaksmokeOctetGrill-MT-6-1024x1024.jpg 1024w, https:\/\/oaksmoke.fi\/pages\/wp-content\/uploads\/2020\/07\/OaksmokeOctetGrill-MT-6-300x300.jpg 300w, https:\/\/oaksmoke.fi\/pages\/wp-content\/uploads\/2020\/07\/OaksmokeOctetGrill-MT-6-150x150.jpg 150w, https:\/\/oaksmoke.fi\/pages\/wp-content\/uploads\/2020\/07\/OaksmokeOctetGrill-MT-6-768x768.jpg 768w, https:\/\/oaksmoke.fi\/pages\/wp-content\/uploads\/2020\/07\/OaksmokeOctetGrill-MT-6-1536x1536.jpg 1536w, https:\/\/oaksmoke.fi\/pages\/wp-content\/uploads\/2020\/07\/OaksmokeOctetGrill-MT-6.jpg 1599w\" sizes=\"auto, (max-width: 1024px) 100vw, 1024px\" \/><\/figure>\n\n\n\n<figure class=\"wp-block-image size-large\"><img loading=\"lazy\" decoding=\"async\" width=\"1024\" height=\"1024\" data-id=\"425\" src=\"https:\/\/oaksmoke.fi\/pages\/wp-content\/uploads\/2020\/07\/OaksmokeOctetGrill-MT-3-1024x1024.jpg\" alt=\"\" class=\"wp-image-425\" srcset=\"https:\/\/oaksmoke.fi\/pages\/wp-content\/uploads\/2020\/07\/OaksmokeOctetGrill-MT-3-1024x1024.jpg 1024w, https:\/\/oaksmoke.fi\/pages\/wp-content\/uploads\/2020\/07\/OaksmokeOctetGrill-MT-3-300x300.jpg 300w, https:\/\/oaksmoke.fi\/pages\/wp-content\/uploads\/2020\/07\/OaksmokeOctetGrill-MT-3-150x150.jpg 150w, https:\/\/oaksmoke.fi\/pages\/wp-content\/uploads\/2020\/07\/OaksmokeOctetGrill-MT-3-768x768.jpg 768w, https:\/\/oaksmoke.fi\/pages\/wp-content\/uploads\/2020\/07\/OaksmokeOctetGrill-MT-3-1536x1536.jpg 1536w, https:\/\/oaksmoke.fi\/pages\/wp-content\/uploads\/2020\/07\/OaksmokeOctetGrill-MT-3.jpg 1599w\" sizes=\"auto, (max-width: 1024px) 100vw, 1024px\" \/><\/figure>\n\n\n\n<figure class=\"wp-block-image size-large\"><img loading=\"lazy\" decoding=\"async\" width=\"1024\" height=\"1024\" data-id=\"423\" src=\"https:\/\/oaksmoke.fi\/pages\/wp-content\/uploads\/2020\/07\/OaksmokeOctetGrill-MT-9-1024x1024.jpg\" alt=\"\" class=\"wp-image-423\" srcset=\"https:\/\/oaksmoke.fi\/pages\/wp-content\/uploads\/2020\/07\/OaksmokeOctetGrill-MT-9-1024x1024.jpg 1024w, https:\/\/oaksmoke.fi\/pages\/wp-content\/uploads\/2020\/07\/OaksmokeOctetGrill-MT-9-300x300.jpg 300w, https:\/\/oaksmoke.fi\/pages\/wp-content\/uploads\/2020\/07\/OaksmokeOctetGrill-MT-9-150x150.jpg 150w, https:\/\/oaksmoke.fi\/pages\/wp-content\/uploads\/2020\/07\/OaksmokeOctetGrill-MT-9-768x768.jpg 768w, https:\/\/oaksmoke.fi\/pages\/wp-content\/uploads\/2020\/07\/OaksmokeOctetGrill-MT-9-1536x1536.jpg 1536w, https:\/\/oaksmoke.fi\/pages\/wp-content\/uploads\/2020\/07\/OaksmokeOctetGrill-MT-9.jpg 1599w\" sizes=\"auto, (max-width: 1024px) 100vw, 1024px\" \/><\/figure>\n\n\n\n<figure class=\"wp-block-image size-large\"><img loading=\"lazy\" decoding=\"async\" width=\"1024\" height=\"1024\" data-id=\"380\" src=\"https:\/\/oaksmoke.fi\/pages\/wp-content\/uploads\/2020\/05\/oaksmoke-octet-grill-harmaa-grey-1024x1024.jpg\" alt=\"Oaksmoke Octet Grill - Grey\" class=\"wp-image-380\" srcset=\"https:\/\/oaksmoke.fi\/pages\/wp-content\/uploads\/2020\/05\/oaksmoke-octet-grill-harmaa-grey-1024x1024.jpg 1024w, https:\/\/oaksmoke.fi\/pages\/wp-content\/uploads\/2020\/05\/oaksmoke-octet-grill-harmaa-grey-300x300.jpg 300w, https:\/\/oaksmoke.fi\/pages\/wp-content\/uploads\/2020\/05\/oaksmoke-octet-grill-harmaa-grey-150x150.jpg 150w, https:\/\/oaksmoke.fi\/pages\/wp-content\/uploads\/2020\/05\/oaksmoke-octet-grill-harmaa-grey-768x767.jpg 768w, https:\/\/oaksmoke.fi\/pages\/wp-content\/uploads\/2020\/05\/oaksmoke-octet-grill-harmaa-grey.jpg 1080w\" sizes=\"auto, (max-width: 1024px) 100vw, 1024px\" \/><\/figure>\n\n\n\n<figure class=\"wp-block-image size-large\"><img loading=\"lazy\" decoding=\"async\" width=\"864\" height=\"576\" data-id=\"352\" src=\"https:\/\/oaksmoke.fi\/pages\/wp-content\/uploads\/2019\/09\/cropped-Kuva00078.jpg\" alt=\"\" class=\"wp-image-352\" srcset=\"https:\/\/oaksmoke.fi\/pages\/wp-content\/uploads\/2019\/09\/cropped-Kuva00078.jpg 864w, https:\/\/oaksmoke.fi\/pages\/wp-content\/uploads\/2019\/09\/cropped-Kuva00078-300x200.jpg 300w, https:\/\/oaksmoke.fi\/pages\/wp-content\/uploads\/2019\/09\/cropped-Kuva00078-768x512.jpg 768w\" sizes=\"auto, (max-width: 864px) 100vw, 864px\" \/><\/figure>\n\n\n\n<figure class=\"wp-block-image size-large\"><img loading=\"lazy\" decoding=\"async\" width=\"1024\" height=\"682\" data-id=\"351\" src=\"https:\/\/oaksmoke.fi\/pages\/wp-content\/uploads\/2019\/09\/cropped-taustatestikuva2-1-1024x682.jpg\" alt=\"Oaksmoke Octet Grill kuvagalleria\" class=\"wp-image-351\" srcset=\"https:\/\/oaksmoke.fi\/pages\/wp-content\/uploads\/2019\/09\/cropped-taustatestikuva2-1-1024x682.jpg 1024w, https:\/\/oaksmoke.fi\/pages\/wp-content\/uploads\/2019\/09\/cropped-taustatestikuva2-1-300x200.jpg 300w, https:\/\/oaksmoke.fi\/pages\/wp-content\/uploads\/2019\/09\/cropped-taustatestikuva2-1-768x512.jpg 768w, https:\/\/oaksmoke.fi\/pages\/wp-content\/uploads\/2019\/09\/cropped-taustatestikuva2-1-1536x1023.jpg 1536w, https:\/\/oaksmoke.fi\/pages\/wp-content\/uploads\/2019\/09\/cropped-taustatestikuva2-1.jpg 1621w\" sizes=\"auto, (max-width: 1024px) 100vw, 1024px\" \/><\/figure>\n<\/figure>\n\n\n\n<p><strong>Vertaa ominaisuuksia muihin vastaaviin grilleihin!<\/strong><\/p>\n\n\n\n<ul class=\"wp-block-list\">\n<li>Paistopinta-ala<\/li>\n\n\n\n<li>Materiaalivahvuudet<\/li>\n\n\n\n<li>Pintak\u00e4sittely<\/li>\n\n\n\n<li>Vedons\u00e4\u00e4t\u00f6 ja ilmanotto arinan alta<\/li>\n\n\n\n<li>Tuhkanpoisto tuhkaluukusta<\/li>\n\n\n\n<li>Lis\u00e4varusteet ja niiden toiminnot (esim. p\u00f6yt\u00e4keh\u00e4 ja grilliritil\u00e4n korkeuss\u00e4\u00e4t\u00f6)<\/li>\n\n\n\n<li>Puiden lis\u00e4\u00e4minen grilliritil\u00e4\u00e4 k\u00e4ytett\u00e4ess\u00e4<\/li>\n\n\n\n<li>T\u00e4ytt\u00e4\u00e4 standardin SFS-EN 1860-1:2013 + A1:2017\/AC vaatimukset<\/li>\n\n\n\n<li>Hinta<\/li>\n<\/ul>\n\n\n\n<p>Tuotteet tulossa myyntiin pian avattavaan Oaksmoke-verkkokauppaan!!<\/p>\n\n\n\n<div class=\"wp-block-file\"><a id=\"wp-block-file--media-ac1b0fd7-95b6-4456-99be-70a20159b328\" href=\"https:\/\/oaksmoke.fi\/pages\/wp-content\/uploads\/2019\/09\/Grilliesite9.pdf\">Octet Grill -esite<\/a><a href=\"https:\/\/oaksmoke.fi\/pages\/wp-content\/uploads\/2019\/09\/Grilliesite9.pdf\" class=\"wp-block-file__button wp-element-button\" download aria-describedby=\"wp-block-file--media-ac1b0fd7-95b6-4456-99be-70a20159b328\">Lataa<\/a><\/div>\n\n\n\n<p><\/p>\n","protected":false},"excerpt":{"rendered":"<p>Oaksmoke Octet Grillit on suunniteltu javalmistettu Suomessa. Tyylikk\u00e4\u00e4sti muotoiltu ja kest\u00e4v\u00e4, l\u00e4heshuoltovapaa grilli ymp\u00e4rivuotiseen k\u00e4ytt\u00f6\u00f6n Sopii monenlaisen ruoan valmistukseen paistaen,grillaten tai hauduttaen. Nauti yhteis\u00f6llisest\u00e4 ja tunnelmallisesta ruoanvalmistuksesta el\u00e4v\u00e4n tulen \u00e4\u00e4rell\u00e4. Suuri paistopinta-ala ja sen erilaiset l\u00e4mp\u00f6tilaalueetmahdollistavat suuren ruokam\u00e4\u00e4r\u00e4n ja eriruokalajien yht\u00e4aikaisen kypsymisen ja ruoanl\u00e4mpim\u00e4n\u00e4 pit\u00e4misen. Grilli on kuumakestomaalattu. Grilli t\u00e4ytt\u00e4\u00e4 standardin SFS-EN 1860-1:2013 + A1:2017\/AC [&hellip;]<\/p>\n","protected":false},"author":1,"featured_media":0,"parent":0,"menu_order":4,"comment_status":"closed","ping_status":"closed","template":"","meta":{"footnotes":""},"class_list":["post-83","page","type-page","status-publish","hentry"],"_links":{"self":[{"href":"https:\/\/oaksmoke.fi\/index.php?rest_route=\/wp\/v2\/pages\/83","targetHints":{"allow":["GET"]}}],"collection":[{"href":"https:\/\/oaksmoke.fi\/index.php?rest_route=\/wp\/v2\/pages"}],"about":[{"href":"https:\/\/oaksmoke.fi\/index.php?rest_route=\/wp\/v2\/types\/page"}],"author":[{"embeddable":true,"href":"https:\/\/oaksmoke.fi\/index.php?rest_route=\/wp\/v2\/users\/1"}],"replies":[{"embeddable":true,"href":"https:\/\/oaksmoke.fi\/index.php?rest_route=%2Fwp%2Fv2%2Fcomments&post=83"}],"version-history":[{"count":10,"href":"https:\/\/oaksmoke.fi\/index.php?rest_route=\/wp\/v2\/pages\/83\/revisions"}],"predecessor-version":[{"id":543,"href":"https:\/\/oaksmoke.fi\/index.php?rest_route=\/wp\/v2\/pages\/83\/revisions\/543"}],"wp:attachment":[{"href":"https:\/\/oaksmoke.fi\/index.php?rest_route=%2Fwp%2Fv2%2Fmedia&parent=83"}],"curies":[{"name":"wp","href":"https:\/\/api.w.org\/{rel}","templated":true}]}}